{"id":432,"date":"2021-12-02T14:43:18","date_gmt":"2021-12-02T17:43:18","guid":{"rendered":"https:\/\/nutricao.saude.ms.gov.br\/?page_id=432"},"modified":"2024-03-22T09:01:36","modified_gmt":"2024-03-22T13:01:36","slug":"sobre","status":"publish","type":"page","link":"https:\/\/nutricao.saude.ms.gov.br\/?page_id=432","title":{"rendered":"Sobre"},"content":{"rendered":"\t\t<div data-elementor-type=\"wp-page\" data-elementor-id=\"432\" class=\"elementor elementor-432\">\n\t\t\t\t\t\t<section class=\"elementor-section elementor-top-section elementor-element elementor-element-3149dd2 elementor-section-full_width elementor-section-height-default elementor-section-height-default\" data-id=\"3149dd2\" data-element_type=\"section\" data-e-type=\"section\" data-settings=\"{&quot;background_background&quot;:&quot;classic&quot;}\">\n\t\t\t\t\t\t\t<div class=\"elementor-background-overlay\"><\/div>\n\t\t\t\t\t\t\t<div class=\"elementor-container elementor-column-gap-default\">\n\t\t\t\t\t<div class=\"aux-parallax-section elementor-column elementor-col-100 elementor-top-column elementor-element elementor-element-bc06855\" data-id=\"bc06855\" data-element_type=\"column\" data-e-type=\"column\">\n\t\t\t<div class=\"elementor-widget-wrap elementor-element-populated\">\n\t\t\t\t\t\t<div class=\"elementor-element elementor-element-70a6af3 elementor-widget elementor-widget-spacer\" data-id=\"70a6af3\" data-element_type=\"widget\" data-e-type=\"widget\" data-widget_type=\"spacer.default\">\n\t\t\t\t<div class=\"elementor-widget-container\">\n\t\t\t\t\t\t\t<div class=\"elementor-spacer\">\n\t\t\t<div class=\"elementor-spacer-inner\"><\/div>\n\t\t<\/div>\n\t\t\t\t\t\t<\/div>\n\t\t\t\t<\/div>\n\t\t\t\t<div class=\"elementor-element elementor-element-49fe90d elementor-widget elementor-widget-heading\" data-id=\"49fe90d\" data-element_type=\"widget\" data-e-type=\"widget\" data-widget_type=\"heading.default\">\n\t\t\t\t<div class=\"elementor-widget-container\">\n\t\t\t\t\t<h1 class=\"elementor-heading-title elementor-size-default\">Sobre a Nutri\u00e7\u00e3o | MS<\/h1>\t\t\t\t<\/div>\n\t\t\t\t<\/div>\n\t\t\t\t<div class=\"elementor-element elementor-element-ba3158f elementor-widget elementor-widget-spacer\" data-id=\"ba3158f\" data-element_type=\"widget\" data-e-type=\"widget\" data-widget_type=\"spacer.default\">\n\t\t\t\t<div class=\"elementor-widget-container\">\n\t\t\t\t\t\t\t<div class=\"elementor-spacer\">\n\t\t\t<div class=\"elementor-spacer-inner\"><\/div>\n\t\t<\/div>\n\t\t\t\t\t\t<\/div>\n\t\t\t\t<\/div>\n\t\t\t\t\t<\/div>\n\t\t<\/div>\n\t\t\t\t\t<\/div>\n\t\t<\/section>\n\t\t\t\t<section class=\"elementor-section elementor-top-section elementor-element elementor-element-ed321e2 elementor-section-boxed elementor-section-height-default elementor-section-height-default\" data-id=\"ed321e2\" data-element_type=\"section\" data-e-type=\"section\">\n\t\t\t\t\t\t<div class=\"elementor-container elementor-column-gap-default\">\n\t\t\t\t\t<div class=\"aux-parallax-section elementor-column elementor-col-100 elementor-top-column elementor-element elementor-element-0864275\" data-id=\"0864275\" data-element_type=\"column\" data-e-type=\"column\">\n\t\t\t<div class=\"elementor-widget-wrap elementor-element-populated\">\n\t\t\t\t\t\t<div class=\"elementor-element elementor-element-39fcae1 elementor-widget elementor-widget-spacer\" data-id=\"39fcae1\" data-element_type=\"widget\" data-e-type=\"widget\" data-widget_type=\"spacer.default\">\n\t\t\t\t<div class=\"elementor-widget-container\">\n\t\t\t\t\t\t\t<div class=\"elementor-spacer\">\n\t\t\t<div class=\"elementor-spacer-inner\"><\/div>\n\t\t<\/div>\n\t\t\t\t\t\t<\/div>\n\t\t\t\t<\/div>\n\t\t\t\t<div class=\"elementor-element elementor-element-723d031 elementor-widget elementor-widget-text-editor\" data-id=\"723d031\" data-element_type=\"widget\" data-e-type=\"widget\" data-widget_type=\"text-editor.default\">\n\t\t\t\t<div class=\"elementor-widget-container\">\n\t\t\t\t\t\t\t\t\t<p>A situa\u00e7\u00e3o da m\u00e1 nutri\u00e7\u00e3o no territ\u00f3rio do estado de Mato Grosso do Sul tem sido descrita por meio de inqu\u00e9ritos nacionais de sa\u00fade e de demografia, indicando que a situa\u00e7\u00e3o no estado \u00e9 mais preocupante do que no resto do pa\u00eds, principalmente sobre o excesso de peso e a obesidade. O MS \u00e9 o 6\u00ba estado no ranking nacional de custo atribu\u00edvel ao excesso de peso e obesidade no Brasil e o 1\u00ba em mortes atribu\u00edveis ao excesso de peso. Por sua vez, dados de vigil\u00e2ncia anuais, como o estudo de Vigil\u00e2ncia de Fatores de Risco e Prote\u00e7\u00e3o para Doen\u00e7as Cr\u00f4nicas por Inqu\u00e9rito Telef\u00f4nico (VIGITEL), indicam constante aumento e agravamento da situa\u00e7\u00e3o.<\/p><p>\u00c9 reconhecido que a m\u00e1 alimenta\u00e7\u00e3o lidera o ranking dos fatores de risco relacionados \u00e0 carga global das Doen\u00e7as Cr\u00f4nicas n\u00e3o Transmiss\u00edveis (DCNT) no mundo. O Minist\u00e9rio da Sa\u00fade refor\u00e7a que alimenta\u00e7\u00e3o \u00e9 um direito humano constitucional, mas a m\u00e1 alimenta\u00e7\u00e3o \u00e9 um dos principais fatores de risco relacionados \u00e0 carga global de doen\u00e7as, que no Brasil, est\u00e1 relacionada \u00e0s principais causas de morte, adoecimento e perda de produtividade dos indiv\u00edduos.<\/p><p>\u00c9 por isso que um site dedicado a nutri\u00e7\u00e3o \u00e9 uma ferramenta estruturante, pois a nutri\u00e7\u00e3o perpassa por todos os pontos na l\u00f3gica das Redes de Aten\u00e7\u00e3o \u00e0 Sa\u00fade, ciclos de vida e demais pol\u00edticas que convergem com a pol\u00edtica Nacional de Alimenta\u00e7\u00e3o e Nutri\u00e7\u00e3o (PNAN) e Pol\u00edtica Nacional de Promo\u00e7\u00e3o \u00e0 Sa\u00fade (PNPS).<\/p><p>Vale ressaltar que atualmente a Secretaria de Estado de Sa\u00fade de Mato Grosso do Sul (SES\/MS) emprega v\u00e1rios esfor\u00e7os, por meio de diversas \u00e1reas t\u00e9cnicas com apoio do Observat\u00f3rio de Condi\u00e7\u00f5es Cr\u00f4nicas e Alimenta\u00e7\u00e3o (OCCA\/UFMS), para propor a\u00e7\u00f5es que contribuam no enfrentamento e supera\u00e7\u00e3o do cen\u00e1rio apresentado.<\/p><p>Deste modo, este site vem para contribuir como um canal adicional de suporte t\u00e9cnico para os profissionais de sa\u00fade, um espa\u00e7o de interc\u00e2mbio de pr\u00e1ticas, informa\u00e7\u00f5es acess\u00edveis para a popula\u00e7\u00e3o em geral, al\u00e9m de promover produtos, a\u00e7\u00f5es e servi\u00e7os de iniciativa do Mato Grosso do Sul.<\/p><p>\u00a0<\/p><p>Bom uso!<\/p>\t\t\t\t\t\t\t\t<\/div>\n\t\t\t\t<\/div>\n\t\t\t\t<div class=\"elementor-element elementor-element-e0a842e elementor-widget elementor-widget-spacer\" data-id=\"e0a842e\" data-element_type=\"widget\" data-e-type=\"widget\" data-widget_type=\"spacer.default\">\n\t\t\t\t<div class=\"elementor-widget-container\">\n\t\t\t\t\t\t\t<div class=\"elementor-spacer\">\n\t\t\t<div class=\"elementor-spacer-inner\"><\/div>\n\t\t<\/div>\n\t\t\t\t\t\t<\/div>\n\t\t\t\t<\/div>\n\t\t\t\t\t<\/div>\n\t\t<\/div>\n\t\t\t\t\t<\/div>\n\t\t<\/section>\n\t\t\t\t<\/div>\n\t\t","protected":false},"excerpt":{"rendered":"<p>Sobre a Nutri\u00e7\u00e3o | MS A situa\u00e7\u00e3o da m\u00e1 nutri\u00e7\u00e3o no territ\u00f3rio do estado de Mato Grosso do Sul tem sido descrita por meio de inqu\u00e9ritos nacionais de sa\u00fade e de demografia, indicando que a situa\u00e7\u00e3o no estado \u00e9 mais preocupante do que no resto do pa\u00eds, principalmente sobre o excesso de peso e a [&hellip;]<\/p>\n","protected":false},"author":1,"featured_media":0,"parent":0,"menu_order":0,"comment_status":"closed","ping_status":"closed","template":"","meta":{"footnotes":""},"class_list":["post-432","page","type-page","status-publish","hentry"],"_links":{"self":[{"href":"https:\/\/nutricao.saude.ms.gov.br\/index.php?rest_route=\/wp\/v2\/pages\/432","targetHints":{"allow":["GET"]}}],"collection":[{"href":"https:\/\/nutricao.saude.ms.gov.br\/index.php?rest_route=\/wp\/v2\/pages"}],"about":[{"href":"https:\/\/nutricao.saude.ms.gov.br\/index.php?rest_route=\/wp\/v2\/types\/page"}],"author":[{"embeddable":true,"href":"https:\/\/nutricao.saude.ms.gov.br\/index.php?rest_route=\/wp\/v2\/users\/1"}],"replies":[{"embeddable":true,"href":"https:\/\/nutricao.saude.ms.gov.br\/index.php?rest_route=%2Fwp%2Fv2%2Fcomments&post=432"}],"version-history":[{"count":69,"href":"https:\/\/nutricao.saude.ms.gov.br\/index.php?rest_route=\/wp\/v2\/pages\/432\/revisions"}],"predecessor-version":[{"id":3374,"href":"https:\/\/nutricao.saude.ms.gov.br\/index.php?rest_route=\/wp\/v2\/pages\/432\/revisions\/3374"}],"wp:attachment":[{"href":"https:\/\/nutricao.saude.ms.gov.br\/index.php?rest_route=%2Fwp%2Fv2%2Fmedia&parent=432"}],"curies":[{"name":"wp","href":"https:\/\/api.w.org\/{rel}","templated":true}]}}