{"id":473,"date":"2021-12-02T15:24:05","date_gmt":"2021-12-02T18:24:05","guid":{"rendered":"https:\/\/nutricao.saude.ms.gov.br\/?page_id=473"},"modified":"2024-03-22T09:02:30","modified_gmt":"2024-03-22T13:02:30","slug":"contatos","status":"publish","type":"page","link":"https:\/\/nutricao.saude.ms.gov.br\/?page_id=473","title":{"rendered":"Contatos"},"content":{"rendered":"\t\t<div data-elementor-type=\"wp-page\" data-elementor-id=\"473\" class=\"elementor elementor-473\">\n\t\t\t\t\t\t<section class=\"elementor-section elementor-top-section elementor-element elementor-element-cbe654a elementor-section-full_width elementor-section-height-default elementor-section-height-default\" data-id=\"cbe654a\" data-element_type=\"section\" data-e-type=\"section\" data-settings=\"{&quot;background_background&quot;:&quot;classic&quot;}\">\n\t\t\t\t\t\t\t<div class=\"elementor-background-overlay\"><\/div>\n\t\t\t\t\t\t\t<div class=\"elementor-container elementor-column-gap-default\">\n\t\t\t\t\t<div class=\"aux-parallax-section elementor-column elementor-col-100 elementor-top-column elementor-element elementor-element-3a581e7\" data-id=\"3a581e7\" data-element_type=\"column\" data-e-type=\"column\">\n\t\t\t<div class=\"elementor-widget-wrap elementor-element-populated\">\n\t\t\t\t\t\t<div class=\"elementor-element elementor-element-9ee9361 elementor-widget elementor-widget-spacer\" data-id=\"9ee9361\" data-element_type=\"widget\" data-e-type=\"widget\" data-widget_type=\"spacer.default\">\n\t\t\t\t<div class=\"elementor-widget-container\">\n\t\t\t\t\t\t\t<div class=\"elementor-spacer\">\n\t\t\t<div class=\"elementor-spacer-inner\"><\/div>\n\t\t<\/div>\n\t\t\t\t\t\t<\/div>\n\t\t\t\t<\/div>\n\t\t\t\t<div class=\"elementor-element elementor-element-217a0ba elementor-widget elementor-widget-heading\" data-id=\"217a0ba\" data-element_type=\"widget\" data-e-type=\"widget\" data-widget_type=\"heading.default\">\n\t\t\t\t<div class=\"elementor-widget-container\">\n\t\t\t\t\t<h1 class=\"elementor-heading-title elementor-size-default\">CONTATO<\/h1>\t\t\t\t<\/div>\n\t\t\t\t<\/div>\n\t\t\t\t<div class=\"elementor-element elementor-element-bb31cbe elementor-widget elementor-widget-spacer\" data-id=\"bb31cbe\" data-element_type=\"widget\" data-e-type=\"widget\" data-widget_type=\"spacer.default\">\n\t\t\t\t<div class=\"elementor-widget-container\">\n\t\t\t\t\t\t\t<div class=\"elementor-spacer\">\n\t\t\t<div class=\"elementor-spacer-inner\"><\/div>\n\t\t<\/div>\n\t\t\t\t\t\t<\/div>\n\t\t\t\t<\/div>\n\t\t\t\t\t<\/div>\n\t\t<\/div>\n\t\t\t\t\t<\/div>\n\t\t<\/section>\n\t\t\t\t<section class=\"elementor-section elementor-top-section elementor-element elementor-element-56a80ec elementor-section-full_width elementor-section-height-default elementor-section-height-default\" data-id=\"56a80ec\" data-element_type=\"section\" data-e-type=\"section\">\n\t\t\t\t\t\t<div class=\"elementor-container elementor-column-gap-default\">\n\t\t\t\t\t<div class=\"aux-parallax-section elementor-column elementor-col-33 elementor-top-column elementor-element elementor-element-20ace51\" data-id=\"20ace51\" data-element_type=\"column\" data-e-type=\"column\">\n\t\t\t<div class=\"elementor-widget-wrap\">\n\t\t\t\t\t\t\t<\/div>\n\t\t<\/div>\n\t\t\t\t<div class=\"aux-parallax-section elementor-column elementor-col-33 elementor-top-column elementor-element elementor-element-aad855a\" data-id=\"aad855a\" data-element_type=\"column\" data-e-type=\"column\">\n\t\t\t<div class=\"elementor-widget-wrap elementor-element-populated\">\n\t\t\t\t\t\t<div class=\"elementor-element elementor-element-7c53cfa elementor-widget elementor-widget-spacer\" data-id=\"7c53cfa\" data-element_type=\"widget\" data-e-type=\"widget\" data-widget_type=\"spacer.default\">\n\t\t\t\t<div class=\"elementor-widget-container\">\n\t\t\t\t\t\t\t<div class=\"elementor-spacer\">\n\t\t\t<div class=\"elementor-spacer-inner\"><\/div>\n\t\t<\/div>\n\t\t\t\t\t\t<\/div>\n\t\t\t\t<\/div>\n\t\t\t\t<div class=\"elementor-element elementor-element-5bfbfab elementor-view-stacked elementor-shape-circle elementor-widget elementor-widget-icon\" data-id=\"5bfbfab\" data-element_type=\"widget\" data-e-type=\"widget\" data-widget_type=\"icon.default\">\n\t\t\t\t<div class=\"elementor-widget-container\">\n\t\t\t\t\t\t\t<div class=\"elementor-icon-wrapper\">\n\t\t\t<div class=\"elementor-icon\">\n\t\t\t<i aria-hidden=\"true\" class=\"fas fa-comment-dots\"><\/i>\t\t\t<\/div>\n\t\t<\/div>\n\t\t\t\t\t\t<\/div>\n\t\t\t\t<\/div>\n\t\t\t\t<div class=\"elementor-element elementor-element-fe2a03b elementor-widget elementor-widget-aux_icon_list\" data-id=\"fe2a03b\" data-element_type=\"widget\" data-e-type=\"widget\" data-widget_type=\"aux_icon_list.default\">\n\t\t\t\t<div class=\"elementor-widget-container\">\n\t\t\t\t\t<section class=\"widget-container aux-widget-icon-list aux-parent-auf58b942b\"><div class=\"widget-inner\"><div class=\"aux-widget-icon-list-inner\"><ul class=\"aux-icon-list-items aux-direction-default aux-icon-list-divider\"><li class=\"aux-icon-list-item aux-list-item-has-icon aux-icon-list-item-23f42b1 elementor-repeater-item-23f42b1\"><i aria-hidden=\"true\" class=\"aux-icon-list-icon auxicon auxicon-email\"><\/i><span class=\"aux-icon-list-text\">alinutricao@saude.ms.gov.br<\/span><\/li><li class=\"aux-icon-list-item aux-list-item-has-icon aux-icon-list-item-518ed8c elementor-repeater-item-518ed8c\"><i aria-hidden=\"true\" class=\"aux-icon-list-icon auxicon auxicon-email\"><\/i><span class=\"aux-icon-list-text\">atanenutri@gmail.com<\/span><\/li><li class=\"aux-icon-list-item aux-list-item-has-icon aux-icon-list-item-803317b elementor-repeater-item-803317b\"><i aria-hidden=\"true\" class=\"aux-icon-list-icon auxicon auxicon-ios-telephone\"><\/i><span class=\"aux-icon-list-text\">(67) 33181617<\/span><\/li><\/ul><\/div><\/div><\/section><!-- widget-container -->\t\t\t\t<\/div>\n\t\t\t\t<\/div>\n\t\t\t\t<div class=\"elementor-element elementor-element-c3a1236 elementor-view-stacked elementor-shape-circle elementor-widget elementor-widget-icon\" data-id=\"c3a1236\" data-element_type=\"widget\" data-e-type=\"widget\" data-widget_type=\"icon.default\">\n\t\t\t\t<div class=\"elementor-widget-container\">\n\t\t\t\t\t\t\t<div class=\"elementor-icon-wrapper\">\n\t\t\t<div class=\"elementor-icon\">\n\t\t\t<i aria-hidden=\"true\" class=\"fas fa-user\"><\/i>\t\t\t<\/div>\n\t\t<\/div>\n\t\t\t\t\t\t<\/div>\n\t\t\t\t<\/div>\n\t\t\t\t<div class=\"elementor-element elementor-element-84511d2 elementor-widget elementor-widget-aux_icon_list\" data-id=\"84511d2\" data-element_type=\"widget\" data-e-type=\"widget\" data-widget_type=\"aux_icon_list.default\">\n\t\t\t\t<div class=\"elementor-widget-container\">\n\t\t\t\t\t<section class=\"widget-container aux-widget-icon-list aux-parent-aua890a4c1\"><div class=\"widget-inner\"><div class=\"aux-widget-icon-list-inner\"><ul class=\"aux-icon-list-items aux-direction-default aux-icon-list-divider\"><li class=\"aux-icon-list-item aux-list-item-has-icon aux-icon-list-item-23f42b1 elementor-repeater-item-23f42b1\"><i aria-hidden=\"true\" class=\"aux-icon-list-icon far fa-user-circle\"><\/i><span class=\"aux-icon-list-text\">Maria Aparecida de Almeida Cruz | Gerente<\/span><\/li><li class=\"aux-icon-list-item aux-list-item-has-icon aux-icon-list-item-518ed8c elementor-repeater-item-518ed8c\"><i aria-hidden=\"true\" class=\"aux-icon-list-icon far fa-user-circle\"><\/i><span class=\"aux-icon-list-text\">Anderson Le\u00e3o Nogueira Holsbach | Nutricionista<\/span><\/li><li class=\"aux-icon-list-item aux-list-item-has-icon aux-icon-list-item-803317b elementor-repeater-item-803317b\"><i aria-hidden=\"true\" class=\"aux-icon-list-icon far fa-user-circle\"><\/i><span class=\"aux-icon-list-text\">Eduardo Malheiros | T\u00e9cnico de Sistemas de Informa\u00e7\u00f5es<\/span><\/li><li class=\"aux-icon-list-item aux-list-item-has-icon aux-icon-list-item-303436f elementor-repeater-item-303436f\"><i aria-hidden=\"true\" class=\"aux-icon-list-icon far fa-user-circle\"><\/i><span class=\"aux-icon-list-text\">Thiago Teixeira Pereira | Profissional de Educa\u00e7\u00e3o F\u00edsica<\/span><\/li><li class=\"aux-icon-list-item aux-list-item-has-icon aux-icon-list-item-ee326da elementor-repeater-item-ee326da\"><a class=\"aux-icon-list-link\" href=\"https:\/\/www.facebook.com\/geanmatogrossodosul\"><i aria-hidden=\"true\" class=\"aux-icon-list-icon fab fa-facebook\"><\/i><span class=\"aux-icon-list-text\">Facebook da Ger\u00eancia de Alimenta\u00e7\u00e3o e Nutri\u00e7\u00e3o<\/span><\/a><\/li><\/ul><\/div><\/div><\/section><!-- widget-container -->\t\t\t\t<\/div>\n\t\t\t\t<\/div>\n\t\t\t\t\t<\/div>\n\t\t<\/div>\n\t\t\t\t<div class=\"aux-parallax-section elementor-column elementor-col-33 elementor-top-column elementor-element elementor-element-dec0bd0\" data-id=\"dec0bd0\" data-element_type=\"column\" data-e-type=\"column\">\n\t\t\t<div class=\"elementor-widget-wrap\">\n\t\t\t\t\t\t\t<\/div>\n\t\t<\/div>\n\t\t\t\t\t<\/div>\n\t\t<\/section>\n\t\t\t\t<section class=\"elementor-section elementor-top-section elementor-element elementor-element-eced141 elementor-section-boxed elementor-section-height-default elementor-section-height-default\" data-id=\"eced141\" data-element_type=\"section\" data-e-type=\"section\">\n\t\t\t\t\t\t<div class=\"elementor-container elementor-column-gap-default\">\n\t\t\t\t\t<div class=\"aux-parallax-section elementor-column elementor-col-100 elementor-top-column elementor-element elementor-element-6d20198\" data-id=\"6d20198\" data-element_type=\"column\" data-e-type=\"column\">\n\t\t\t<div class=\"elementor-widget-wrap elementor-element-populated\">\n\t\t\t\t\t\t<div class=\"elementor-element elementor-element-5cc7053 elementor-widget elementor-widget-spacer\" data-id=\"5cc7053\" data-element_type=\"widget\" data-e-type=\"widget\" data-widget_type=\"spacer.default\">\n\t\t\t\t<div class=\"elementor-widget-container\">\n\t\t\t\t\t\t\t<div class=\"elementor-spacer\">\n\t\t\t<div class=\"elementor-spacer-inner\"><\/div>\n\t\t<\/div>\n\t\t\t\t\t\t<\/div>\n\t\t\t\t<\/div>\n\t\t\t\t\t<\/div>\n\t\t<\/div>\n\t\t\t\t\t<\/div>\n\t\t<\/section>\n\t\t\t\t<\/div>\n\t\t","protected":false},"excerpt":{"rendered":"<p>CONTATO alinutricao@saude.ms.gov.br atanenutri@gmail.com (67) 33181617 Maria Aparecida de Almeida Cruz | Gerente Anderson Le\u00e3o Nogueira Holsbach | Nutricionista Eduardo Malheiros | T\u00e9cnico de Sistemas de Informa\u00e7\u00f5es Thiago Teixeira Pereira | Profissional de Educa\u00e7\u00e3o F\u00edsica Facebook da Ger\u00eancia de Alimenta\u00e7\u00e3o e Nutri\u00e7\u00e3o<\/p>\n","protected":false},"author":1,"featured_media":0,"parent":0,"menu_order":0,"comment_status":"closed","ping_status":"closed","template":"","meta":{"footnotes":""},"class_list":["post-473","page","type-page","status-publish","hentry"],"_links":{"self":[{"href":"https:\/\/nutricao.saude.ms.gov.br\/index.php?rest_route=\/wp\/v2\/pages\/473","targetHints":{"allow":["GET"]}}],"collection":[{"href":"https:\/\/nutricao.saude.ms.gov.br\/index.php?rest_route=\/wp\/v2\/pages"}],"about":[{"href":"https:\/\/nutricao.saude.ms.gov.br\/index.php?rest_route=\/wp\/v2\/types\/page"}],"author":[{"embeddable":true,"href":"https:\/\/nutricao.saude.ms.gov.br\/index.php?rest_route=\/wp\/v2\/users\/1"}],"replies":[{"embeddable":true,"href":"https:\/\/nutricao.saude.ms.gov.br\/index.php?rest_route=%2Fwp%2Fv2%2Fcomments&post=473"}],"version-history":[{"count":61,"href":"https:\/\/nutricao.saude.ms.gov.br\/index.php?rest_route=\/wp\/v2\/pages\/473\/revisions"}],"predecessor-version":[{"id":3377,"href":"https:\/\/nutricao.saude.ms.gov.br\/index.php?rest_route=\/wp\/v2\/pages\/473\/revisions\/3377"}],"wp:attachment":[{"href":"https:\/\/nutricao.saude.ms.gov.br\/index.php?rest_route=%2Fwp%2Fv2%2Fmedia&parent=473"}],"curies":[{"name":"wp","href":"https:\/\/api.w.org\/{rel}","templated":true}]}}