{"id":737,"date":"2022-05-16T15:21:29","date_gmt":"2022-05-16T18:21:29","guid":{"rendered":"https:\/\/nutricao.saude.ms.gov.br\/?page_id=737"},"modified":"2024-03-22T09:00:57","modified_gmt":"2024-03-22T13:00:57","slug":"bibliteca","status":"publish","type":"page","link":"https:\/\/nutricao.saude.ms.gov.br\/?page_id=737","title":{"rendered":"Sites Relacionados"},"content":{"rendered":"\t\t<div data-elementor-type=\"wp-page\" data-elementor-id=\"737\" class=\"elementor elementor-737\">\n\t\t\t\t\t\t<section class=\"elementor-section elementor-top-section elementor-element elementor-element-54a2c4c elementor-section-full_width elementor-section-height-default elementor-section-height-default\" data-id=\"54a2c4c\" data-element_type=\"section\" data-e-type=\"section\" data-settings=\"{&quot;background_background&quot;:&quot;classic&quot;}\">\n\t\t\t\t\t\t\t<div class=\"elementor-background-overlay\"><\/div>\n\t\t\t\t\t\t\t<div class=\"elementor-container elementor-column-gap-default\">\n\t\t\t\t\t<div class=\"aux-parallax-section elementor-column elementor-col-100 elementor-top-column elementor-element elementor-element-3b1aecf\" data-id=\"3b1aecf\" data-element_type=\"column\" data-e-type=\"column\">\n\t\t\t<div class=\"elementor-widget-wrap elementor-element-populated\">\n\t\t\t\t\t\t<div class=\"elementor-element elementor-element-89e72d7 elementor-widget elementor-widget-spacer\" data-id=\"89e72d7\" data-element_type=\"widget\" data-e-type=\"widget\" data-widget_type=\"spacer.default\">\n\t\t\t\t<div class=\"elementor-widget-container\">\n\t\t\t\t\t\t\t<div class=\"elementor-spacer\">\n\t\t\t<div class=\"elementor-spacer-inner\"><\/div>\n\t\t<\/div>\n\t\t\t\t\t\t<\/div>\n\t\t\t\t<\/div>\n\t\t\t\t<div class=\"elementor-element elementor-element-d075c23 elementor-widget elementor-widget-heading\" data-id=\"d075c23\" data-element_type=\"widget\" data-e-type=\"widget\" data-widget_type=\"heading.default\">\n\t\t\t\t<div class=\"elementor-widget-container\">\n\t\t\t\t\t<h1 class=\"elementor-heading-title elementor-size-default\">Site Relacionados<\/h1>\t\t\t\t<\/div>\n\t\t\t\t<\/div>\n\t\t\t\t<div class=\"elementor-element elementor-element-0966742 elementor-widget elementor-widget-spacer\" data-id=\"0966742\" data-element_type=\"widget\" data-e-type=\"widget\" data-widget_type=\"spacer.default\">\n\t\t\t\t<div class=\"elementor-widget-container\">\n\t\t\t\t\t\t\t<div class=\"elementor-spacer\">\n\t\t\t<div class=\"elementor-spacer-inner\"><\/div>\n\t\t<\/div>\n\t\t\t\t\t\t<\/div>\n\t\t\t\t<\/div>\n\t\t\t\t\t<\/div>\n\t\t<\/div>\n\t\t\t\t\t<\/div>\n\t\t<\/section>\n\t\t\t\t<section class=\"elementor-section elementor-top-section elementor-element elementor-element-411332a elementor-section-boxed elementor-section-height-default elementor-section-height-default\" data-id=\"411332a\" data-element_type=\"section\" data-e-type=\"section\">\n\t\t\t\t\t\t<div class=\"elementor-container elementor-column-gap-default\">\n\t\t\t\t\t<div class=\"aux-parallax-section elementor-column elementor-col-100 elementor-top-column elementor-element elementor-element-12ce853\" data-id=\"12ce853\" data-element_type=\"column\" data-e-type=\"column\">\n\t\t\t<div class=\"elementor-widget-wrap elementor-element-populated\">\n\t\t\t\t\t\t<div class=\"elementor-element elementor-element-1acfbf8b elementor-widget elementor-widget-text-editor\" data-id=\"1acfbf8b\" data-element_type=\"widget\" data-e-type=\"widget\" data-widget_type=\"text-editor.default\">\n\t\t\t\t<div class=\"elementor-widget-container\">\n\t\t\t\t\t\t\t\t\t<p><\/p>\n<p>Portal da Secretaria de Aten\u00e7\u00e3o Prim\u00e1ria \u00e0 Sa\u00fade<br \/><a href=\"http:\/\/aps.saude.gov.br\/\">http:\/\/aps.saude.gov.br\/<\/a><\/p>\n<p>E-Gestor AB \u2013 Informa\u00e7\u00e3o e Gest\u00e3o da Aten\u00e7\u00e3o B\u00e1sica<br \/><a href=\"https:\/\/egestorab.saude.gov.br\/\">https:\/\/egestorab.saude.gov.br\/<\/a><\/p>\n<p>SISMOB &#8211; Sistema de Monitoramento de Obras<br \/><a href=\"https:\/\/sismob.saude.gov.br\/sismob2\/#\">https:\/\/sismob.saude.gov.br\/sismob2\/#<\/a><\/p>\n<p>ASBRAN \u2013 Associa\u00e7\u00e3o Brasileira de Nutri\u00e7\u00e3o<\/p>\n<p><a href=\"https:\/\/www.asbran.org.br\/\">https:\/\/www.asbran.org.br\/<\/a><\/p>\n<p>Alian\u00e7a pela Alimenta\u00e7\u00e3o Adequadada e Saud\u00e1vel<br \/><a href=\"https:\/\/alimentacaosaudavel.org.br\/\">https:\/\/alimentacaosaudavel.org.br\/<\/a><\/p>\n<p>Sa\u00fade Brasil<br \/><a href=\"https:\/\/saudebrasil.saude.gov.br\/\">https:\/\/saudebrasil.saude.gov.br\/<\/a><\/p>\n<p>Alimentando Pol\u00edticas<br \/><a href=\"https:\/\/alimentandopoliticas.org.br\/\">https:\/\/alimentandopoliticas.org.br\/<\/a><\/p>\n<p>INCA \u2013 Alimenta\u00e7\u00e3o<br \/><a href=\"https:\/\/www.inca.gov.br\/alimentacao\">https:\/\/www.inca.gov.br\/alimentacao<\/a><\/p>\n<div>\n<p>OPA &#8211; Observat\u00f3rio de Publicidade de Alimentos<\/p>\n<p><a href=\"https:\/\/publicidadedealimentos.org.br\/\">https:\/\/publicidadedealimentos.org.br\/<\/a><\/p>\n<\/div>\n<div>\n<p>IDEC \u2013 Instituto de Defesa do Consumidor (Alimenta\u00e7\u00e3o)<br \/><a href=\"https:\/\/idec.org.br\/programas-tematicos\/alimentacao\">https:\/\/idec.org.br\/programas-tematicos\/alimentacao<\/a><\/p>\n<\/div>\n<div>\n<p>Slow Food Brasil<br \/><a href=\"http:\/\/www.slowfoodbrasil.com\/\">http:\/\/www.slowfoodbrasil.com\/<\/a><\/p>\n<\/div>\n<div>\n<p>Fundo Nacional de Sa\u00fade<br \/><a href=\"https:\/\/portalfns.saude.gov.br\/\">https:\/\/portalfns.saude.gov.br\/<\/a><\/p>\n<\/div>\n<p>OCCA \u2013 OBSERVAT\u00d3RIO DE CONDI\u00c7\u00d5ES CR\u00d4NICAS E ALIMENTA\u00c7\u00c3O:\u00a0<a href=\"https:\/\/occa.ufms.br\/\">https:\/\/occa.ufms.br\/<\/a><\/p>\n<p>Canal do Youtube: Rede de Enfrentamento e Controle da Obesidade no \u00c2mbito da Aten\u00e7\u00e3o B\u00e1sica em Mato Grosso do Sul\u00a0(Rede ECO-AB MS):\u00a0 <a href=\"https:\/\/www.youtube.com\/channel\/UCysDvovphoscqlk3TNVcfUQ\/featured\" target=\"_blank\" rel=\"noopener\">https:\/\/www.youtube.com\/channel\/UCysDvovphoscqlk3TNVcfUQ\/featured\u00a0<\/a><\/p>\n<p>Canal do Youtube: Cidinha d\u00e1 jeito\u00a0<\/p>\n<p><a href=\"https:\/\/www.youtube.com\/c\/Cidinhad%C3%A1Jeito\/featured\">https:\/\/www.youtube.com\/c\/Cidinhad%C3%A1Jeito\/featured<\/a><\/p>\n<div>Canal do Youtube: Nutri Libras\u00a0<br \/><a href=\"https:\/\/www.youtube.com\/channel\/UCKChLXOuwXmKPk1AQkyeIJw\/featured\">https:\/\/www.youtube.com\/channel\/UCKChLXOuwXmKPk1AQkyeIJw\/featured<\/a><\/div>\n<h5><\/h5>\n<h5><\/h5>\n<h5><\/h5>\n<h5><\/h5>\n<p><\/p>\t\t\t\t\t\t\t\t<\/div>\n\t\t\t\t<\/div>\n\t\t\t\t\t<\/div>\n\t\t<\/div>\n\t\t\t\t\t<\/div>\n\t\t<\/section>\n\t\t\t\t<\/div>\n\t\t","protected":false},"excerpt":{"rendered":"<p>Site Relacionados Portal da Secretaria de Aten\u00e7\u00e3o Prim\u00e1ria \u00e0 Sa\u00fadehttp:\/\/aps.saude.gov.br\/ E-Gestor AB \u2013 Informa\u00e7\u00e3o e Gest\u00e3o da Aten\u00e7\u00e3o B\u00e1sicahttps:\/\/egestorab.saude.gov.br\/ SISMOB &#8211; Sistema de Monitoramento de Obrashttps:\/\/sismob.saude.gov.br\/sismob2\/# ASBRAN \u2013 Associa\u00e7\u00e3o Brasileira de Nutri\u00e7\u00e3o https:\/\/www.asbran.org.br\/ Alian\u00e7a pela Alimenta\u00e7\u00e3o Adequadada e Saud\u00e1velhttps:\/\/alimentacaosaudavel.org.br\/ Sa\u00fade Brasilhttps:\/\/saudebrasil.saude.gov.br\/ Alimentando Pol\u00edticashttps:\/\/alimentandopoliticas.org.br\/ INCA \u2013 Alimenta\u00e7\u00e3ohttps:\/\/www.inca.gov.br\/alimentacao OPA &#8211; Observat\u00f3rio de Publicidade de Alimentos https:\/\/publicidadedealimentos.org.br\/ IDEC [&hellip;]<\/p>\n","protected":false},"author":1,"featured_media":0,"parent":0,"menu_order":0,"comment_status":"closed","ping_status":"closed","template":"","meta":{"footnotes":""},"class_list":["post-737","page","type-page","status-publish","hentry"],"_links":{"self":[{"href":"https:\/\/nutricao.saude.ms.gov.br\/index.php?rest_route=\/wp\/v2\/pages\/737","targetHints":{"allow":["GET"]}}],"collection":[{"href":"https:\/\/nutricao.saude.ms.gov.br\/index.php?rest_route=\/wp\/v2\/pages"}],"about":[{"href":"https:\/\/nutricao.saude.ms.gov.br\/index.php?rest_route=\/wp\/v2\/types\/page"}],"author":[{"embeddable":true,"href":"https:\/\/nutricao.saude.ms.gov.br\/index.php?rest_route=\/wp\/v2\/users\/1"}],"replies":[{"embeddable":true,"href":"https:\/\/nutricao.saude.ms.gov.br\/index.php?rest_route=%2Fwp%2Fv2%2Fcomments&post=737"}],"version-history":[{"count":171,"href":"https:\/\/nutricao.saude.ms.gov.br\/index.php?rest_route=\/wp\/v2\/pages\/737\/revisions"}],"predecessor-version":[{"id":3371,"href":"https:\/\/nutricao.saude.ms.gov.br\/index.php?rest_route=\/wp\/v2\/pages\/737\/revisions\/3371"}],"wp:attachment":[{"href":"https:\/\/nutricao.saude.ms.gov.br\/index.php?rest_route=%2Fwp%2Fv2%2Fmedia&parent=737"}],"curies":[{"name":"wp","href":"https:\/\/api.w.org\/{rel}","templated":true}]}}